{"id":131485,"date":"2024-04-04T14:52:50","date_gmt":"2024-04-04T14:52:50","guid":{"rendered":"https:\/\/mentesoglu.com\/?post_type=product&#038;p=131485"},"modified":"2024-09-02T08:46:38","modified_gmt":"2024-09-02T08:46:38","slug":"toptan-kagit-cesitlerimiz-bobin-tabaka","status":"publish","type":"product","link":"https:\/\/mentesoglu.com\/en\/urun\/toptan-kagit-cesitlerimiz-bobin-tabaka\/","title":{"rendered":"Wholesale Paper Types (Coil &#038; Sheet)"},"content":{"rendered":"<div class=\"wpb-content-wrapper\"><p>[vc_row row_height_percent=&#8221;0&#8243; override_padding=&#8221;yes&#8221; h_padding=&#8221;2&#8243; top_padding=&#8221;3&#8243; bottom_padding=&#8221;3&#8243; back_color=&#8221;color-xsdn&#8221; overlay_alpha=&#8221;50&#8243; gutter_size=&#8221;3&#8243; column_width_percent=&#8221;100&#8243; shift_y=&#8221;0&#8243; z_index=&#8221;0&#8243; style=&#8221;inherited&#8221; uncode_shortcode_id=&#8221;174507&#8243; back_color_type=&#8221;uncode-palette&#8221;][vc_column column_width_percent=&#8221;100&#8243; position_horizontal=&#8221;left&#8221; position_vertical=&#8221;middle&#8221; gutter_size=&#8221;3&#8243; style=&#8221;light&#8221; overlay_alpha=&#8221;100&#8243; shift_x=&#8221;0&#8243; shift_y=&#8221;0&#8243; shift_y_down=&#8221;0&#8243; z_index=&#8221;4&#8243; medium_width=&#8221;0&#8243; mobile_width=&#8221;0&#8243; zoom_width=&#8221;0&#8243; zoom_height=&#8221;0&#8243; width=&#8221;1\/2&#8243; uncode_shortcode_id=&#8221;263917&#8243;][vc_custom_heading auto_text=&#8221;yes&#8221; heading_semantic=&#8221;h1&#8243; text_size=&#8221;fontsize-783337&#8243; text_transform=&#8221;capitalize&#8221; text_align=&#8221;text-center&#8221;]Automatic Heading:\u00a0Get the title[\/vc_custom_heading][vc_column_text uncode_shortcode_id=&#8221;168708&#8243;]<\/p>\n<ul>\n<li>Acid free tissue paper 17gsm, 25gsm\u00a0 &#8211; in rolls<\/li>\n<li>Mg tissue paper 17-40gsm &#8211; in rolls + in sheets<\/li>\n<li>Glassine paper 21gsm &#8211; in rolls<\/li>\n<li>Greaseproof paper &#8211; in rolls + in sheets<\/li>\n<li>Foodpaper 40gsm &#8211; in sheets<\/li>\n<li>Ribbed kraft paper 40gsm &#8211; in sheets<\/li>\n<li>Kraft paper 70gsm &#8211; in rolls+ in sheets<\/li>\n<\/ul>\n<p>[\/vc_column_text][vc_button button_color=&#8221;color-804655&#8243; border_width=&#8221;0&#8243; css_animation=&#8221;bottom-t-top&#8221; animation_delay=&#8221;800&#8243; link=&#8221;url:https%3A%2F%2Fmentesoglu.com%2Fteklif%2F|title:Bu%20%C3%9Cr%C3%BCnle%20%C4%B0lgileniyorum||&#8221; button_color_type=&#8221;uncode-palette&#8221; uncode_shortcode_id=&#8221;197475&#8243;]Get a Quote[\/vc_button][\/vc_column][vc_column column_width_percent=&#8221;100&#8243; position_vertical=&#8221;middle&#8221; align_horizontal=&#8221;align_center&#8221; gutter_size=&#8221;3&#8243; override_padding=&#8221;yes&#8221; column_padding=&#8221;0&#8243; overlay_alpha=&#8221;50&#8243; shift_x=&#8221;0&#8243; shift_y=&#8221;0&#8243; shift_y_down=&#8221;0&#8243; z_index=&#8221;0&#8243; medium_width=&#8221;0&#8243; mobile_width=&#8221;0&#8243; width=&#8221;1\/2&#8243; uncode_shortcode_id=&#8221;754310&#8243;][vc_gallery el_id=&#8221;gallery-208503&#8243; type=&#8221;carousel&#8221; medias=&#8221;131468,131466,131467,131469&#8243; carousel_lg=&#8221;1&#8243; carousel_md=&#8221;1&#8243; carousel_sm=&#8221;1&#8243; thumb_size=&#8221;one-one&#8221; gutter_size=&#8221;3&#8243; media_items=&#8221;media|lightbox|original&#8221; carousel_type=&#8221;fade&#8221; carousel_interval=&#8221;3000&#8243; carousel_navspeed=&#8221;1000&#8243; carousel_loop=&#8221;yes&#8221; carousel_dots=&#8221;yes&#8221; stage_padding=&#8221;0&#8243; single_shape=&#8221;round&#8221; radius=&#8221;lg&#8221; single_overlay_opacity=&#8221;1&#8243; single_padding=&#8221;2&#8243; uncode_shortcode_id=&#8221;137464&#8243;][\/vc_column][\/vc_row][vc_row unlock_row=&#8221;&#8221; row_height_percent=&#8221;50&#8243; override_padding=&#8221;yes&#8221; h_padding=&#8221;2&#8243; top_padding=&#8221;5&#8243; bottom_padding=&#8221;5&#8243; back_color=&#8221;color-wayh&#8221; back_image=&#8221;131477&#8243; parallax=&#8221;yes&#8221; overlay_color=&#8221;color-wayh&#8221; overlay_alpha=&#8221;15&#8243; gutter_size=&#8221;3&#8243; column_width_percent=&#8221;100&#8243; shift_y=&#8221;0&#8243; z_index=&#8221;2&#8243; bottom_divider=&#8221;step_2_3&#8243; uncode_shortcode_id=&#8221;107653&#8243; back_color_type=&#8221;uncode-palette&#8221; overlay_color_type=&#8221;uncode-palette&#8221;][vc_column column_width_use_pixel=&#8221;yes&#8221; position_vertical=&#8221;middle&#8221; align_horizontal=&#8221;align_center&#8221; gutter_size=&#8221;3&#8243; style=&#8221;dark&#8221; overlay_alpha=&#8221;50&#8243; shift_x=&#8221;0&#8243; shift_y=&#8221;0&#8243; shift_y_down=&#8221;0&#8243; shift_y_down_fixed=&#8221;yes&#8221; z_index=&#8221;0&#8243; medium_width=&#8221;0&#8243; align_mobile=&#8221;align_center_mobile&#8221; mobile_width=&#8221;0&#8243; radius=&#8221;xl&#8221; width=&#8221;1\/1&#8243; column_width_pixel=&#8221;1000&#8243; uncode_shortcode_id=&#8221;129150&#8243;][vc_icon icon=&#8221;fa fa-play&#8221; background_style=&#8221;fa-rounded&#8221; size=&#8221;fa-3x&#8221; outline=&#8221;yes&#8221; icon_automatic=&#8221;yes&#8221; css_animation=&#8221;zoom-out&#8221; animation_delay=&#8221;200&#8243; media_lightbox=&#8221;131478&#8243; uncode_shortcode_id=&#8221;449996&#8243;][\/vc_icon][\/vc_column][\/vc_row]<\/p>\n<\/div>","protected":false},"excerpt":{"rendered":"<p>[vc_row row_height_percent=&#8221;0&#8243; override_padding=&#8221;yes&#8221; h_padding=&#8221;2&#8243; top_padding=&#8221;3&#8243; bottom_padding=&#8221;3&#8243; back_color=&#8221;color-xsdn&#8221; overlay_alpha=&#8221;50&#8243; gutter_size=&#8221;3&#8243; column_width_percent=&#8221;100&#8243; shift_y=&#8221;0&#8243; z_index=&#8221;0&#8243; style=&#8221;inherited&#8221; uncode_shortcode_id=&#8221;174507&#8243; back_color_type=&#8221;uncode-palette&#8221;][vc_column column_width_percent=&#8221;100&#8243; position_horizontal=&#8221;left&#8221; position_vertical=&#8221;middle&#8221; gutter_size=&#8221;3&#8243; style=&#8221;light&#8221; [&hellip;]<\/p>\n","protected":false},"featured_media":131468,"comment_status":"closed","ping_status":"closed","template":"","meta":{"_acf_changed":false,"_seopress_robots_primary_cat":"none","_seopress_titles_title":"Toptan Ka\u011f\u0131t Po\u015fetler - Toptan Ka\u011f\u0131t Fiyatlar\u0131","_seopress_titles_desc":"E-ticaret firmalar\u0131, perakende markalar\u0131 ve kobileri i\u00e7in toptan ka\u011f\u0131t po\u015fetler! Toptan ka\u011f\u0131t fiyatlar\u0131 \u00fcr\u00fcn \u00e7e\u015fitine g\u00f6re farkl\u0131l\u0131k g\u00f6stermektedir.","_seopress_robots_index":""},"product_brand":[],"product_cat":[123],"product_tag":[],"class_list":{"0":"post-131485","1":"product","2":"type-product","3":"status-publish","4":"has-post-thumbnail","6":"product_cat-ambalaj","8":"first","9":"instock","10":"shipping-taxable","11":"product-type-simple"},"acf":[],"_links":{"self":[{"href":"https:\/\/mentesoglu.com\/en\/wp-json\/wp\/v2\/product\/131485","targetHints":{"allow":["GET"]}}],"collection":[{"href":"https:\/\/mentesoglu.com\/en\/wp-json\/wp\/v2\/product"}],"about":[{"href":"https:\/\/mentesoglu.com\/en\/wp-json\/wp\/v2\/types\/product"}],"replies":[{"embeddable":true,"href":"https:\/\/mentesoglu.com\/en\/wp-json\/wp\/v2\/comments?post=131485"}],"wp:featuredmedia":[{"embeddable":true,"href":"https:\/\/mentesoglu.com\/en\/wp-json\/wp\/v2\/media\/131468"}],"wp:attachment":[{"href":"https:\/\/mentesoglu.com\/en\/wp-json\/wp\/v2\/media?parent=131485"}],"wp:term":[{"taxonomy":"product_brand","embeddable":true,"href":"https:\/\/mentesoglu.com\/en\/wp-json\/wp\/v2\/product_brand?post=131485"},{"taxonomy":"product_cat","embeddable":true,"href":"https:\/\/mentesoglu.com\/en\/wp-json\/wp\/v2\/product_cat?post=131485"},{"taxonomy":"product_tag","embeddable":true,"href":"https:\/\/mentesoglu.com\/en\/wp-json\/wp\/v2\/product_tag?post=131485"}],"curies":[{"name":"wp","href":"https:\/\/api.w.org\/{rel}","templated":true}]}}