{"id":130724,"date":"2023-10-17T12:04:26","date_gmt":"2023-10-17T12:04:26","guid":{"rendered":"https:\/\/mentesoglu.com\/?post_type=product&#038;p=130724"},"modified":"2024-10-21T08:25:35","modified_gmt":"2024-10-21T08:25:35","slug":"glasin-kagidi-ve-siyah-pelur","status":"publish","type":"product","link":"https:\/\/mentesoglu.com\/en\/urun\/glasin-kagidi-ve-siyah-pelur\/","title":{"rendered":"Glassine Paper and Black Tissue Paper"},"content":{"rendered":"<div class=\"wpb-content-wrapper\"><p>[vc_row row_height_percent=&#8221;0&#8243; override_padding=&#8221;yes&#8221; h_padding=&#8221;0&#8243; top_padding=&#8221;0&#8243; bottom_padding=&#8221;0&#8243; overlay_alpha=&#8221;50&#8243; gutter_size=&#8221;4&#8243; column_width_percent=&#8221;100&#8243; shift_y=&#8221;0&#8243; z_index=&#8221;0&#8243; uncode_shortcode_id=&#8221;118724&#8243;][vc_column column_width_percent=&#8221;100&#8243; align_horizontal=&#8221;align_center&#8221; gutter_size=&#8221;2&#8243; overlay_alpha=&#8221;50&#8243; shift_x=&#8221;0&#8243; shift_y=&#8221;0&#8243; shift_y_down=&#8221;0&#8243; z_index=&#8221;0&#8243; medium_width=&#8221;3&#8243; mobile_width=&#8221;0&#8243; width=&#8221;1\/3&#8243; uncode_shortcode_id=&#8221;681859&#8243;][vc_icon icon_image=&#8221;130652&#8243; media_size=&#8221;72&#8243; uncode_shortcode_id=&#8221;127402&#8243; title=&#8221;Browse &amp; Discover&#8221;][\/vc_icon][vc_column_text uncode_shortcode_id=&#8221;173885&#8243;]Choose the paper you want[\/vc_column_text][vc_empty_space empty_h=&#8221;1&#8243;][\/vc_column][vc_column column_width_percent=&#8221;100&#8243; align_horizontal=&#8221;align_center&#8221; gutter_size=&#8221;2&#8243; overlay_alpha=&#8221;50&#8243; shift_x=&#8221;0&#8243; shift_y=&#8221;0&#8243; shift_y_down=&#8221;0&#8243; z_index=&#8221;0&#8243; medium_width=&#8221;3&#8243; mobile_width=&#8221;0&#8243; width=&#8221;1\/3&#8243; uncode_shortcode_id=&#8221;344624&#8243;][vc_icon icon_image=&#8221;130653&#8243; media_size=&#8221;72&#8243; uncode_shortcode_id=&#8221;186731&#8243; title=&#8221;Customize&#8221;][\/vc_icon][vc_column_text uncode_shortcode_id=&#8221;139176&#8243;]Select your preferred layout from our <strong><a href=\"https:\/\/mentesoglu.com\/pelur-dizilim-formatlari.htm\" target=\"_blank\" rel=\"noopener\">distribution formats<\/a><\/strong> page and send us your logo[\/vc_column_text][vc_empty_space empty_h=&#8221;1&#8243;][\/vc_column][vc_column column_width_percent=&#8221;100&#8243; align_horizontal=&#8221;align_center&#8221; gutter_size=&#8221;2&#8243; overlay_alpha=&#8221;50&#8243; shift_x=&#8221;0&#8243; shift_y=&#8221;0&#8243; shift_y_down=&#8221;0&#8243; z_index=&#8221;0&#8243; medium_width=&#8221;3&#8243; mobile_width=&#8221;0&#8243; width=&#8221;1\/3&#8243; uncode_shortcode_id=&#8221;797792&#8243;][vc_icon icon_image=&#8221;130654&#8243; media_size=&#8221;72&#8243; uncode_shortcode_id=&#8221;718640&#8243; title=&#8221;Confirm &amp; Finalize&#8221;][\/vc_icon][vc_column_text uncode_shortcode_id=&#8221;188085&#8243;]Let us do the computer work. Once you approve, we&#8217;ll start printing.[\/vc_column_text][vc_empty_space empty_h=&#8221;1&#8243;][\/vc_column][\/vc_row]<\/p>\n<\/div>","protected":false},"excerpt":{"rendered":"<p>This model is in our assortment for decades and is still very popular. You can choose one of our combinations or create one tailored to your style and needs.<\/p>\n","protected":false},"featured_media":131259,"comment_status":"open","ping_status":"closed","template":"","meta":{"_acf_changed":false,"_seopress_robots_primary_cat":"none","_seopress_titles_title":"Siyah Pel\u00fcr Ambalaj Kad\u0131\u011f\u0131","_seopress_titles_desc":"Kraft ka\u011f\u0131t \u00e7anta tasar\u0131m\u0131 markan\u0131z\u0131n ilk izlenimini belirler. \u00d6zelle\u015ftirilmi\u015f siyah pel\u00fcr ambalaj ka\u011f\u0131d\u0131 \u00e7e\u015fitleri ile marka kimli\u011finizi g\u00fc\u00e7lendirin.","_seopress_robots_index":""},"product_brand":[],"product_cat":[123],"product_tag":[],"class_list":{"0":"post-130724","1":"product","2":"type-product","3":"status-publish","4":"has-post-thumbnail","6":"product_cat-ambalaj","8":"first","9":"outofstock","10":"shipping-taxable","11":"product-type-variable"},"acf":[],"_links":{"self":[{"href":"https:\/\/mentesoglu.com\/en\/wp-json\/wp\/v2\/product\/130724","targetHints":{"allow":["GET"]}}],"collection":[{"href":"https:\/\/mentesoglu.com\/en\/wp-json\/wp\/v2\/product"}],"about":[{"href":"https:\/\/mentesoglu.com\/en\/wp-json\/wp\/v2\/types\/product"}],"replies":[{"embeddable":true,"href":"https:\/\/mentesoglu.com\/en\/wp-json\/wp\/v2\/comments?post=130724"}],"wp:featuredmedia":[{"embeddable":true,"href":"https:\/\/mentesoglu.com\/en\/wp-json\/wp\/v2\/media\/131259"}],"wp:attachment":[{"href":"https:\/\/mentesoglu.com\/en\/wp-json\/wp\/v2\/media?parent=130724"}],"wp:term":[{"taxonomy":"product_brand","embeddable":true,"href":"https:\/\/mentesoglu.com\/en\/wp-json\/wp\/v2\/product_brand?post=130724"},{"taxonomy":"product_cat","embeddable":true,"href":"https:\/\/mentesoglu.com\/en\/wp-json\/wp\/v2\/product_cat?post=130724"},{"taxonomy":"product_tag","embeddable":true,"href":"https:\/\/mentesoglu.com\/en\/wp-json\/wp\/v2\/product_tag?post=130724"}],"curies":[{"name":"wp","href":"https:\/\/api.w.org\/{rel}","templated":true}]}}