{"id":83684,"date":"2020-02-27T19:37:44","date_gmt":"2020-02-27T19:37:44","guid":{"rendered":"https:\/\/mentesoglu.com\/?page_id=83684"},"modified":"2024-08-29T11:26:02","modified_gmt":"2024-08-29T11:26:02","slug":"iletisim","status":"publish","type":"page","link":"https:\/\/mentesoglu.com\/en\/iletisim\/","title":{"rendered":"Contact Us"},"content":{"rendered":"<div class=\"wpb-content-wrapper\"><p>[vc_row row_height_percent=&#8221;0&#8243; back_color=&#8221;color-lxmt&#8221; back_image=&#8221;83319&#8243; back_repeat=&#8221;repeat&#8221; kburns=&#8221;zoom&#8221; overlay_alpha=&#8221;80&#8243; gutter_size=&#8221;3&#8243; column_width_percent=&#8221;100&#8243; shift_y=&#8221;0&#8243; z_index=&#8221;0&#8243; row_height_pixel=&#8221;200&#8243; back_size=&#8221;auto&#8221; uncode_shortcode_id=&#8221;188439&#8243; back_color_type=&#8221;uncode-palette&#8221;][vc_column column_width_percent=&#8221;100&#8243; position_vertical=&#8221;middle&#8221; align_horizontal=&#8221;align_center&#8221; gutter_size=&#8221;3&#8243; style=&#8221;light&#8221; overlay_alpha=&#8221;50&#8243; shift_x=&#8221;0&#8243; shift_y=&#8221;0&#8243; shift_y_down=&#8221;0&#8243; z_index=&#8221;0&#8243; medium_width=&#8221;0&#8243; mobile_width=&#8221;0&#8243; width=&#8221;1\/1&#8243;][vc_row_inner][vc_column_inner column_width_use_pixel=&#8221;yes&#8221; position_vertical=&#8221;middle&#8221; align_horizontal=&#8221;align_center&#8221; gutter_size=&#8221;3&#8243; overlay_alpha=&#8221;50&#8243; shift_x=&#8221;0&#8243; shift_y=&#8221;0&#8243; shift_y_down=&#8221;0&#8243; z_index=&#8221;0&#8243; medium_width=&#8221;0&#8243; mobile_width=&#8221;0&#8243; width=&#8221;1\/1&#8243; column_width_pixel=&#8221;800&#8243;][vc_empty_space empty_h=&#8221;3&#8243;][vc_custom_heading auto_text=&#8221;yes&#8221; text_size=&#8221;fontsize-783337&#8243; text_weight=&#8221;800&#8243; sub_lead=&#8221;yes&#8221; uncode_shortcode_id=&#8221;205165&#8243;]Biz Kimiz[\/vc_custom_heading][vc_empty_space empty_h=&#8221;3&#8243;][\/vc_column_inner][\/vc_row_inner][\/vc_column][\/vc_row][vc_row row_height_percent=&#8221;0&#8243; override_padding=&#8221;yes&#8221; h_padding=&#8221;2&#8243; top_padding=&#8221;4&#8243; bottom_padding=&#8221;2&#8243; overlay_alpha=&#8221;50&#8243; gutter_size=&#8221;3&#8243; column_width_percent=&#8221;100&#8243; shift_y=&#8221;0&#8243; z_index=&#8221;0&#8243; uncode_shortcode_id=&#8221;121709&#8243;][vc_column column_width_percent=&#8221;100&#8243; gutter_size=&#8221;3&#8243; overlay_alpha=&#8221;50&#8243; shift_x=&#8221;0&#8243; shift_y=&#8221;0&#8243; shift_y_down=&#8221;0&#8243; z_index=&#8221;0&#8243; medium_width=&#8221;0&#8243; mobile_width=&#8221;0&#8243; width=&#8221;1\/4&#8243; uncode_shortcode_id=&#8221;127602&#8243;][vc_icon icon=&#8221;fa fa-phone-handset&#8221; size=&#8221;fa-3x&#8221; text_size=&#8221;h4&#8243; title=&#8221;PHONE&#8221; link=&#8221;url:tel%3A%2B902125226887|title:Pel%C3%BCr%20Dizilim%20Formatlar%C4%B1||&#8221; uncode_shortcode_id=&#8221;501348&#8243;]<strong>Main Line: +90 (212) 522 68 87<\/strong>[\/vc_icon][\/vc_column][vc_column column_width_percent=&#8221;100&#8243; gutter_size=&#8221;3&#8243; overlay_alpha=&#8221;50&#8243; shift_x=&#8221;0&#8243; shift_y=&#8221;0&#8243; shift_y_down=&#8221;0&#8243; z_index=&#8221;0&#8243; medium_width=&#8221;0&#8243; mobile_width=&#8221;0&#8243; width=&#8221;1\/4&#8243; uncode_shortcode_id=&#8221;150506&#8243;][vc_icon icon=&#8221;fa fa-envelope2&#8243; size=&#8221;fa-3x&#8221; text_size=&#8221;h4&#8243; title=&#8221;E-MAIL&#8221; link=&#8221;url:mailto%3Ainfo%40mentesoglu.com%20%3B%20melih%40mentesoglu.com&#8221; uncode_shortcode_id=&#8221;792671&#8243;]info@mentesoglu.com[\/vc_icon][\/vc_column][vc_column column_width_percent=&#8221;100&#8243; gutter_size=&#8221;3&#8243; overlay_alpha=&#8221;50&#8243; shift_x=&#8221;0&#8243; shift_y=&#8221;0&#8243; shift_y_down=&#8221;0&#8243; z_index=&#8221;0&#8243; medium_width=&#8221;0&#8243; mobile_width=&#8221;0&#8243; width=&#8221;1\/4&#8243; uncode_shortcode_id=&#8221;703298&#8243;][vc_icon icon=&#8221;fa fa-location3&#8243; size=&#8221;fa-3x&#8221; text_size=&#8221;h4&#8243; title=&#8221;OFFICE&#8221; uncode_shortcode_id=&#8221;135610&#8243;]A\u015fir Efendi Caddesi Denizli Han No:83 Kat:3 Daire:312 Emin\u00f6n\u00fc \/ \u0130stanbul[\/vc_icon][\/vc_column][vc_column column_width_percent=&#8221;100&#8243; gutter_size=&#8221;3&#8243; overlay_alpha=&#8221;50&#8243; shift_x=&#8221;0&#8243; shift_y=&#8221;0&#8243; shift_y_down=&#8221;0&#8243; z_index=&#8221;0&#8243; medium_width=&#8221;0&#8243; mobile_width=&#8221;0&#8243; width=&#8221;1\/4&#8243; uncode_shortcode_id=&#8221;204807&#8243;][vc_icon icon=&#8221;fa fa-cart&#8221; size=&#8221;fa-3x&#8221; text_size=&#8221;h4&#8243; title=&#8221;SHOWROOM&#8221; uncode_shortcode_id=&#8221;176116&#8243;]A\u015fir Efendi Caddesi Denizli Han No:83 Kat:3 Daire:312 Emin\u00f6n\u00fc \/ \u0130stanbul<br \/>\nTel : +90 (212) 511 72 77 (dahili 1)[\/vc_icon][\/vc_column][\/vc_row][vc_row row_height_percent=&#8221;0&#8243; override_padding=&#8221;yes&#8221; h_padding=&#8221;2&#8243; top_padding=&#8221;0&#8243; bottom_padding=&#8221;2&#8243; overlay_alpha=&#8221;50&#8243; gutter_size=&#8221;3&#8243; column_width_percent=&#8221;100&#8243; shift_y=&#8221;0&#8243; z_index=&#8221;0&#8243; uncode_shortcode_id=&#8221;865711&#8243;][vc_column width=&#8221;1\/1&#8243;][vc_column_text uncode_shortcode_id=&#8221;811541&#8243;]<strong>Our Extensions:<\/strong>[\/vc_column_text][vc_row_inner][vc_column_inner column_width_percent=&#8221;100&#8243; position_vertical=&#8221;justify&#8221; gutter_size=&#8221;1&#8243; overlay_alpha=&#8221;50&#8243; shift_x=&#8221;0&#8243; shift_y=&#8221;0&#8243; shift_y_down=&#8221;0&#8243; z_index=&#8221;0&#8243; medium_width=&#8221;0&#8243; mobile_width=&#8221;0&#8243; width=&#8221;1\/6&#8243; uncode_shortcode_id=&#8221;393580&#8243;][vc_column_text uncode_shortcode_id=&#8221;988676&#8243;]Tissue, Wrapping Paper and Greaseproof Paper (Wholesale) :[\/vc_column_text][vc_custom_heading uncode_shortcode_id=&#8221;204512&#8243;]0[\/vc_custom_heading][\/vc_column_inner][vc_column_inner column_width_percent=&#8221;100&#8243; position_vertical=&#8221;justify&#8221; gutter_size=&#8221;1&#8243; overlay_alpha=&#8221;50&#8243; shift_x=&#8221;0&#8243; shift_y=&#8221;0&#8243; shift_y_down=&#8221;0&#8243; z_index=&#8221;0&#8243; medium_width=&#8221;0&#8243; mobile_width=&#8221;0&#8243; width=&#8221;1\/6&#8243; uncode_shortcode_id=&#8221;101536&#8243;][vc_column_text uncode_shortcode_id=&#8221;131225&#8243;]Paper Bags, Envelopes, and Bag Paper:[\/vc_column_text][vc_custom_heading uncode_shortcode_id=&#8221;396802&#8243;]1[\/vc_custom_heading][\/vc_column_inner][vc_column_inner column_width_percent=&#8221;100&#8243; position_vertical=&#8221;justify&#8221; gutter_size=&#8221;1&#8243; overlay_alpha=&#8221;50&#8243; shift_x=&#8221;0&#8243; shift_y=&#8221;0&#8243; shift_y_down=&#8221;0&#8243; z_index=&#8221;0&#8243; medium_width=&#8221;0&#8243; mobile_width=&#8221;0&#8243; width=&#8221;1\/6&#8243; uncode_shortcode_id=&#8221;172352&#8243;][vc_column_text uncode_shortcode_id=&#8221;118760&#8243;]Technical Support for Your Online Order:<\/p>\n<div id=\"simple-translate\" class=\"simple-translate-system-theme\">\n<div>\n<div class=\"simple-translate-button isShow\" style=\"background-image: url('chrome-extension:\/\/ibplnjkanclpjokhdolnendpplpjiace\/icons\/512.png'); height: 22px; width: 22px; top: 50px; left: 171px;\"><\/div>\n<div class=\"simple-translate-panel \" style=\"width: 300px; height: 200px; top: 0px; left: 0px; font-size: 13px;\">\n<div class=\"simple-translate-result-wrapper\" style=\"overflow: hidden;\">\n<div class=\"simple-translate-move\" draggable=\"true\"><\/div>\n<div class=\"simple-translate-result-contents\">\n<p class=\"simple-translate-candidate\" dir=\"auto\">\n<\/div>\n<\/div>\n<\/div>\n<\/div>\n<\/div>\n<p>[\/vc_column_text][vc_custom_heading uncode_shortcode_id=&#8221;172549&#8243;]2[\/vc_custom_heading][\/vc_column_inner][vc_column_inner column_width_percent=&#8221;100&#8243; position_vertical=&#8221;justify&#8221; gutter_size=&#8221;1&#8243; overlay_alpha=&#8221;50&#8243; shift_x=&#8221;0&#8243; shift_y=&#8221;0&#8243; shift_y_down=&#8221;0&#8243; z_index=&#8221;0&#8243; medium_width=&#8221;0&#8243; mobile_width=&#8221;0&#8243; width=&#8221;1\/6&#8243; uncode_shortcode_id=&#8221;144621&#8243;][vc_column_text uncode_shortcode_id=&#8221;137151&#8243;]Online Orders, Product Stock Information, and Shipment Tracking:[\/vc_column_text][vc_custom_heading uncode_shortcode_id=&#8221;198305&#8243;]3[\/vc_custom_heading][\/vc_column_inner][vc_column_inner column_width_percent=&#8221;100&#8243; position_vertical=&#8221;justify&#8221; gutter_size=&#8221;1&#8243; overlay_alpha=&#8221;50&#8243; shift_x=&#8221;0&#8243; shift_y=&#8221;0&#8243; shift_y_down=&#8221;0&#8243; z_index=&#8221;0&#8243; medium_width=&#8221;0&#8243; mobile_width=&#8221;0&#8243; width=&#8221;1\/6&#8243; uncode_shortcode_id=&#8221;116767&#8243;][vc_column_text uncode_shortcode_id=&#8221;168867&#8243;]Printed Tissue Paper and Box Orders:[\/vc_column_text][vc_custom_heading uncode_shortcode_id=&#8221;122924&#8243;]4[\/vc_custom_heading][\/vc_column_inner][vc_column_inner column_width_percent=&#8221;100&#8243; position_vertical=&#8221;justify&#8221; gutter_size=&#8221;1&#8243; overlay_alpha=&#8221;50&#8243; shift_x=&#8221;0&#8243; shift_y=&#8221;0&#8243; shift_y_down=&#8221;0&#8243; z_index=&#8221;0&#8243; medium_width=&#8221;0&#8243; mobile_width=&#8221;0&#8243; width=&#8221;1\/6&#8243; uncode_shortcode_id=&#8221;204632&#8243;][vc_column_text uncode_shortcode_id=&#8221;372271&#8243;]Accounting:[\/vc_column_text][vc_custom_heading uncode_shortcode_id=&#8221;412970&#8243;]5[\/vc_custom_heading][\/vc_column_inner][\/vc_row_inner][\/vc_column][\/vc_row][vc_row row_height_percent=&#8221;0&#8243; override_padding=&#8221;yes&#8221; h_padding=&#8221;2&#8243; top_padding=&#8221;2&#8243; bottom_padding=&#8221;4&#8243; overlay_alpha=&#8221;50&#8243; gutter_size=&#8221;3&#8243; column_width_percent=&#8221;100&#8243; shift_y=&#8221;0&#8243; z_index=&#8221;0&#8243; uncode_shortcode_id=&#8221;177443&#8243;][vc_column column_width_percent=&#8221;100&#8243; align_horizontal=&#8221;align_center&#8221; gutter_size=&#8221;3&#8243; overlay_alpha=&#8221;50&#8243; shift_x=&#8221;0&#8243; shift_y=&#8221;0&#8243; shift_y_down=&#8221;0&#8243; z_index=&#8221;0&#8243; medium_width=&#8221;0&#8243; mobile_width=&#8221;0&#8243; width=&#8221;1\/1&#8243;][vc_raw_html]JTNDaWZyYW1lJTIwc3JjJTNEJTIyaHR0cHMlM0ElMkYlMkZ3d3cuZ29vZ2xlLmNvbSUyRm1hcHMlMkZlbWJlZCUzRnBiJTNEJTIxMW0xOCUyMTFtMTIlMjExbTMlMjExZDMwMTAuNDgyMjMyNTU4MTMxMyUyMTJkMjguOTY5MTg2Nzc2MDQwOTI4JTIxM2Q0MS4wMTQ3MDQ1NzEzNDk2NTQlMjEybTMlMjExZjAlMjEyZjAlMjEzZjAlMjEzbTIlMjExaTEwMjQlMjEyaTc2OCUyMTRmMTMuMSUyMTNtMyUyMTFtMiUyMTFzMHgxNGNhYjk5NGNhYWQwYjJkJTI1M0EweGJhNmZhZTdjZTE0NjVhMCUyMTJzRGVuaXpsaSUyNTIwSGFuJTIxNWUwJTIxM20yJTIxMXNlbiUyMTJzdXMlMjE0djE3MjQ5MjkyMDE3NTclMjE1bTIlMjExc2VuJTIxMnN1cyUyMiUyMHdpZHRoJTNEJTIyNjAwJTIyJTIwaGVpZ2h0JTNEJTIyNDUwJTIyJTIwc3R5bGUlM0QlMjJib3JkZXIlM0EwJTNCJTIyJTIwYWxsb3dmdWxsc2NyZWVuJTNEJTIyJTIyJTIwbG9hZGluZyUzRCUyMmxhenklMjIlMjByZWZlcnJlcnBvbGljeSUzRCUyMm5vLXJlZmVycmVyLXdoZW4tZG93bmdyYWRlJTIyJTNFJTNDJTJGaWZyYW1lJTNF[\/vc_raw_html][vc_row_inner][vc_column_inner column_width_percent=&#8221;100&#8243; align_horizontal=&#8221;align_center&#8221; gutter_size=&#8221;3&#8243; overlay_alpha=&#8221;50&#8243; shift_x=&#8221;0&#8243; shift_y=&#8221;0&#8243; shift_y_down=&#8221;0&#8243; z_index=&#8221;0&#8243; medium_width=&#8221;0&#8243; mobile_width=&#8221;0&#8243; width=&#8221;1\/3&#8243;][vc_icon icon=&#8221;fa fa-whatsapp&#8221; size=&#8221;fa-3x&#8221; text_size=&#8221;h5&#8243; title=&#8221;For information about your online orders and our products&#8221; uncode_shortcode_id=&#8221;195554&#8243;]Whatsapp: (0531) 262 84 14[\/vc_icon][\/vc_column_inner][vc_column_inner column_width_percent=&#8221;100&#8243; align_horizontal=&#8221;align_center&#8221; gutter_size=&#8221;3&#8243; overlay_alpha=&#8221;50&#8243; shift_x=&#8221;0&#8243; shift_y=&#8221;0&#8243; shift_y_down=&#8221;0&#8243; z_index=&#8221;0&#8243; medium_width=&#8221;0&#8243; mobile_width=&#8221;0&#8243; width=&#8221;1\/3&#8243;][vc_icon icon=&#8221;fa fa-whatsapp&#8221; size=&#8221;fa-3x&#8221; text_size=&#8221;h5&#8243; title=&#8221;For printed tissue and greaseproof paper products&#8221; uncode_shortcode_id=&#8221;139685&#8243;]Whatsapp: (0539) 597 4610[\/vc_icon][\/vc_column_inner][vc_column_inner column_width_percent=&#8221;100&#8243; align_horizontal=&#8221;align_center&#8221; gutter_size=&#8221;3&#8243; overlay_alpha=&#8221;50&#8243; shift_x=&#8221;0&#8243; shift_y=&#8221;0&#8243; shift_y_down=&#8221;0&#8243; z_index=&#8221;0&#8243; medium_width=&#8221;0&#8243; mobile_width=&#8221;0&#8243; width=&#8221;1\/3&#8243;][vc_icon icon=&#8221;fa fa-whatsapp&#8221; size=&#8221;fa-3x&#8221; text_size=&#8221;h5&#8243; title=&#8221;For All Printed Paper Bags, Pouches, and Paper Envelopes&#8221; uncode_shortcode_id=&#8221;126721&#8243;]Whatsapp: 0532 271 68 01[\/vc_icon][\/vc_column_inner][\/vc_row_inner][\/vc_column][\/vc_row]<\/p>\n<\/div>","protected":false},"excerpt":{"rendered":"<p>[vc_row row_height_percent=&#8221;0&#8243; back_color=&#8221;color-lxmt&#8221; back_image=&#8221;83319&#8243; back_repeat=&#8221;repeat&#8221; kburns=&#8221;zoom&#8221; overlay_alpha=&#8221;80&#8243; gutter_size=&#8221;3&#8243; column_width_percent=&#8221;100&#8243; shift_y=&#8221;0&#8243; z_index=&#8221;0&#8243; row_height_pixel=&#8221;200&#8243; back_size=&#8221;auto&#8221; uncode_shortcode_id=&#8221;188439&#8243; back_color_type=&#8221;uncode-palette&#8221;][vc_column column_width_percent=&#8221;100&#8243; position_vertical=&#8221;middle&#8221; align_horizontal=&#8221;align_center&#8221; gutter_size=&#8221;3&#8243; style=&#8221;light&#8221; [&hellip;]<\/p>\n","protected":false},"author":1,"featured_media":0,"parent":0,"menu_order":7,"comment_status":"closed","ping_status":"closed","template":"","meta":{"_acf_changed":false,"_seopress_robots_primary_cat":"","_seopress_titles_title":"","_seopress_titles_desc":"","_seopress_robots_index":"","footnotes":""},"class_list":["post-83684","page","type-page","status-publish","hentry"],"acf":[],"_links":{"self":[{"href":"https:\/\/mentesoglu.com\/en\/wp-json\/wp\/v2\/pages\/83684","targetHints":{"allow":["GET"]}}],"collection":[{"href":"https:\/\/mentesoglu.com\/en\/wp-json\/wp\/v2\/pages"}],"about":[{"href":"https:\/\/mentesoglu.com\/en\/wp-json\/wp\/v2\/types\/page"}],"author":[{"embeddable":true,"href":"https:\/\/mentesoglu.com\/en\/wp-json\/wp\/v2\/users\/1"}],"replies":[{"embeddable":true,"href":"https:\/\/mentesoglu.com\/en\/wp-json\/wp\/v2\/comments?post=83684"}],"version-history":[{"count":25,"href":"https:\/\/mentesoglu.com\/en\/wp-json\/wp\/v2\/pages\/83684\/revisions"}],"predecessor-version":[{"id":131870,"href":"https:\/\/mentesoglu.com\/en\/wp-json\/wp\/v2\/pages\/83684\/revisions\/131870"}],"wp:attachment":[{"href":"https:\/\/mentesoglu.com\/en\/wp-json\/wp\/v2\/media?parent=83684"}],"curies":[{"name":"wp","href":"https:\/\/api.w.org\/{rel}","templated":true}]}}