{"id":82655,"date":"2020-01-08T13:24:12","date_gmt":"2020-01-08T13:24:12","guid":{"rendered":"https:\/\/mentesoglu.com\/?page_id=82655"},"modified":"2024-03-25T19:09:36","modified_gmt":"2024-03-25T19:09:36","slug":"gizlilik-ve-guvenlik","status":"publish","type":"page","link":"https:\/\/mentesoglu.com\/en\/gizlilik-ve-guvenlik\/","title":{"rendered":"Privacy and Security"},"content":{"rendered":"<div class=\"wpb-content-wrapper\"><p>[vc_row row_height_percent=&#8221;0&#8243; back_color=&#8221;color-lxmt&#8221; back_image=&#8221;83319&#8243; back_repeat=&#8221;repeat&#8221; overlay_alpha=&#8221;80&#8243; gutter_size=&#8221;3&#8243; column_width_percent=&#8221;100&#8243; shift_y=&#8221;0&#8243; z_index=&#8221;0&#8243; row_height_pixel=&#8221;200&#8243; back_size=&#8221;auto&#8221; uncode_shortcode_id=&#8221;795487&#8243; back_color_type=&#8221;uncode-palette&#8221;][vc_column column_width_percent=&#8221;100&#8243; position_vertical=&#8221;middle&#8221; align_horizontal=&#8221;align_center&#8221; gutter_size=&#8221;3&#8243; style=&#8221;light&#8221; overlay_alpha=&#8221;50&#8243; shift_x=&#8221;0&#8243; shift_y=&#8221;0&#8243; shift_y_down=&#8221;0&#8243; z_index=&#8221;0&#8243; medium_width=&#8221;0&#8243; mobile_width=&#8221;0&#8243; width=&#8221;1\/1&#8243;][vc_row_inner][vc_column_inner column_width_use_pixel=&#8221;yes&#8221; position_vertical=&#8221;middle&#8221; align_horizontal=&#8221;align_center&#8221; gutter_size=&#8221;3&#8243; overlay_alpha=&#8221;50&#8243; shift_x=&#8221;0&#8243; shift_y=&#8221;0&#8243; shift_y_down=&#8221;0&#8243; z_index=&#8221;0&#8243; medium_width=&#8221;0&#8243; mobile_width=&#8221;0&#8243; width=&#8221;1\/1&#8243; column_width_pixel=&#8221;800&#8243;][vc_empty_space empty_h=&#8221;3&#8243;][vc_custom_heading auto_text=&#8221;yes&#8221; text_size=&#8221;fontsize-783337&#8243; text_weight=&#8221;800&#8243; sub_lead=&#8221;yes&#8221; uncode_shortcode_id=&#8221;205165&#8243;]Biz Kimiz[\/vc_custom_heading][vc_empty_space empty_h=&#8221;3&#8243;][\/vc_column_inner][\/vc_row_inner][\/vc_column][\/vc_row][vc_row][vc_column][vc_column_text]Mente\u015fo\u011flu Ka\u011f\u0131t\u00e7\u0131l\u0131k A.\u015e. web sitesini ziyaret ederek a\u015fa\u011f\u0131daki \u015fartlar\u0131 ve kurallar\u0131 kabul etmi\u015f say\u0131lmaktas\u0131n\u0131z.<\/p>\n<p>\u201cMente\u015fo\u011flu Ka\u011f\u0131t\u00e7\u0131l\u0131k A.\u015e.\u2019nin internet sitelerinde yer alan ilgili k\u0131s\u0131mlara telefon ve e-posta bilgilerimi serbest iradem ile verdi\u011fime, Mente\u015fo\u011flu Ka\u011f\u0131t\u00e7\u0131l\u0131k A.\u015e.\u2019den gelen b\u00fclten ve bilgi mesajlar\u0131 ile sair bildirimleri almak \u00fczere gayrikabilir\u00fccu kabul ve beyan ederim.\u201d<\/p>\n<p>www.mentesoglu.com.tr alan adl\u0131 internet sitesi &#8220;A\u015fir Efendi Caddesi Denizli Han No:83 Kat:3 Daire:316 Emin\u00f6n\u00fc \/ \u0130stanbul&#8221; adresinde mukim Mente\u015fo\u011flu Ka\u011f\u0131t\u00e7\u0131l\u0131k A.\u015e.\u2019ye aittir. Web sitesine giri\u015f, sitenin ya da sitedeki bilgilerin ve di\u011fer verilerin vs. kullan\u0131lmas\u0131 sebebiyle, do\u011fabilecek do\u011frudan ya da dolayl\u0131 hi\u00e7bir zarardan Mente\u015fo\u011flu Ka\u011f\u0131t\u00e7\u0131l\u0131k A.\u015e. sorumlu de\u011fildir.<\/p>\n<p>Mente\u015fo\u011flu Ka\u011f\u0131t\u00e7\u0131l\u0131k A.\u015e. m\u00fc\u015fterilerine daha iyi hizmet verebilmek amac\u0131yla baz\u0131 ki\u015fisel bilgilerinizi (isim, ya\u015f, adres, telefon, e-posta vb&#8230;) sizlerden talep etmektedir. Ki\u015fisel bilgilerin gizlili\u011fini korumak amac\u0131yla sistem ve internet altyap\u0131s\u0131 en g\u00fcvenilir seviyede tutularak gerekli \u00f6nlemler al\u0131nm\u0131\u015ft\u0131r.<\/p>\n<p>\u015eah\u0131slar\u0131n sisteme girdi\u011fi t\u00fcm bilgilere sadece kendileri ula\u015fabilmekte ve bu bilgileri sadece kendileri de\u011fi\u015ftirebilmektedir. Bir ba\u015fkas\u0131n\u0131n bu bilgilere ula\u015fmas\u0131 ve bunlar\u0131 de\u011fi\u015ftirmesi m\u00fcmk\u00fcn de\u011fildir.<\/p>\n<p>Mente\u015fo\u011flu Ka\u011f\u0131t\u00e7\u0131l\u0131k A.\u015e., web sitesi arac\u0131l\u0131\u011f\u0131 ile toplad\u0131\u011f\u0131 bilgileri, s\u00f6z konusu ki\u015filerin haberi ya da aksi bir talimat\u0131 olmaks\u0131z\u0131n, i\u015ftirakleri ve i\u015f ortaklar\u0131 d\u0131\u015f\u0131nda 3. ki\u015filerle payla\u015fmamakta, faaliyet d\u0131\u015f\u0131 hi\u00e7bir nedenle ticari ama\u00e7la kullanmamakta ve de satmamaktad\u0131r. M\u00fc\u015fteri bilgileri; resmi makamlarca usulen talep edilmesi halinde ve y\u00fcr\u00fcrl\u00fckteki emredici mevzuat h\u00fck\u00fcmleri gere\u011fince resmi makamlara a\u00e7\u0131klama yapmak zorunda olundu\u011fu durumlarda resmi makamlara a\u00e7\u0131klanabilecektir.<\/p>\n<p>www.mentesoglu.com.tr alan adl\u0131 web sitesi i\u00e7eri\u011finde, Mente\u015fo\u011flu Ka\u011f\u0131t\u00e7\u0131l\u0131k A.\u015e.\u2019ye ait olmayan ba\u015fkaca internet sitelerine ba\u011flant\u0131 veya referanslar yer alabilir. Mente\u015fo\u011flu Ka\u011f\u0131t\u00e7\u0131l\u0131k A.\u015e. bu sitelerin i\u00e7erikleri veya i\u00e7erdikleri di\u011fer ba\u011flant\u0131lardan sorumlu de\u011fildir. Bu ba\u011flant\u0131 ve i\u00e7erikler reklam amac\u0131 ve\/veya m\u00fc\u015fterilerin bilgilendirilmesi amac\u0131 ile payla\u015f\u0131lmaktad\u0131r.<\/p>\n<p>Mente\u015fo\u011flu Ka\u011f\u0131t\u00e7\u0131l\u0131k A.\u015e. www.mentesoglu.com.tr alan adl\u0131 web sitesinin i\u00e7eri\u011fi, g\u00f6rselleri, sayfa d\u00fczeni, dizaynlar, \u015fekiller, logolar, teknikler, markalar, tasar\u0131mlar, bulu\u015flar, eserler, yaz\u0131l\u0131mlar vs. \u00fczerinde tek hak sahibidir. S\u00f6z konusu veriler, yaz\u0131l\u0131 izin al\u0131nmadan kullan\u0131lamaz, de\u011fi\u015ftirilemez, kopyalanamaz, \u00e7o\u011falt\u0131lamaz, lisana \u00e7evrilemez, yay\u0131mlanamaz, y\u00fcklenemez, postalanamaz, iletilemez, sunulamaz ya da da\u011f\u0131t\u0131lamaz. Aksi halde Mente\u015fo\u011flu Ka\u011f\u0131t\u00e7\u0131l\u0131k A.\u015e.\u2019nin ilgili ki\u015filer hakk\u0131nda hukuki ve cezai yollara ba\u015fvurma hakk\u0131 sakl\u0131d\u0131r.[\/vc_column_text][\/vc_column][\/vc_row]<\/p>\n<\/div>","protected":false},"excerpt":{"rendered":"<p>[vc_row row_height_percent=&#8221;0&#8243; back_color=&#8221;color-lxmt&#8221; back_image=&#8221;83319&#8243; back_repeat=&#8221;repeat&#8221; overlay_alpha=&#8221;80&#8243; gutter_size=&#8221;3&#8243; column_width_percent=&#8221;100&#8243; shift_y=&#8221;0&#8243; z_index=&#8221;0&#8243; row_height_pixel=&#8221;200&#8243; back_size=&#8221;auto&#8221; uncode_shortcode_id=&#8221;795487&#8243; back_color_type=&#8221;uncode-palette&#8221;][vc_column column_width_percent=&#8221;100&#8243; position_vertical=&#8221;middle&#8221; align_horizontal=&#8221;align_center&#8221; gutter_size=&#8221;3&#8243; style=&#8221;light&#8221; overlay_alpha=&#8221;50&#8243; [&hellip;]<\/p>\n","protected":false},"author":1,"featured_media":0,"parent":0,"menu_order":9,"comment_status":"closed","ping_status":"closed","template":"","meta":{"_acf_changed":false,"_seopress_robots_primary_cat":"","_seopress_titles_title":"","_seopress_titles_desc":"","_seopress_robots_index":"","footnotes":""},"class_list":["post-82655","page","type-page","status-publish","hentry"],"acf":[],"_links":{"self":[{"href":"https:\/\/mentesoglu.com\/en\/wp-json\/wp\/v2\/pages\/82655","targetHints":{"allow":["GET"]}}],"collection":[{"href":"https:\/\/mentesoglu.com\/en\/wp-json\/wp\/v2\/pages"}],"about":[{"href":"https:\/\/mentesoglu.com\/en\/wp-json\/wp\/v2\/types\/page"}],"author":[{"embeddable":true,"href":"https:\/\/mentesoglu.com\/en\/wp-json\/wp\/v2\/users\/1"}],"replies":[{"embeddable":true,"href":"https:\/\/mentesoglu.com\/en\/wp-json\/wp\/v2\/comments?post=82655"}],"version-history":[{"count":4,"href":"https:\/\/mentesoglu.com\/en\/wp-json\/wp\/v2\/pages\/82655\/revisions"}],"predecessor-version":[{"id":131363,"href":"https:\/\/mentesoglu.com\/en\/wp-json\/wp\/v2\/pages\/82655\/revisions\/131363"}],"wp:attachment":[{"href":"https:\/\/mentesoglu.com\/en\/wp-json\/wp\/v2\/media?parent=82655"}],"curies":[{"name":"wp","href":"https:\/\/api.w.org\/{rel}","templated":true}]}}