{"id":130787,"date":"2024-02-29T14:46:55","date_gmt":"2024-02-29T14:46:55","guid":{"rendered":"https:\/\/mentesoglu.com\/?page_id=130787"},"modified":"2024-08-29T10:55:54","modified_gmt":"2024-08-29T10:55:54","slug":"e-ticaret","status":"publish","type":"page","link":"https:\/\/mentesoglu.com\/en\/e-ticaret\/","title":{"rendered":"E-commerce Group"},"content":{"rendered":"<div class=\"wpb-content-wrapper\"><p>[vc_row unlock_row_content=&#8221;yes&#8221; row_height_percent=&#8221;0&#8243; override_padding=&#8221;yes&#8221; h_padding=&#8221;3&#8243; top_padding=&#8221;2&#8243; bottom_padding=&#8221;3&#8243; back_color=&#8221;color-xsdn&#8221; overlay_alpha=&#8221;50&#8243; gutter_size=&#8221;2&#8243; column_width_percent=&#8221;100&#8243; shift_y=&#8221;0&#8243; z_index=&#8221;0&#8243; uncode_shortcode_id=&#8221;874215&#8243; back_color_type=&#8221;uncode-palette&#8221;][vc_column column_width_percent=&#8221;100&#8243; align_horizontal=&#8221;align_center&#8221; gutter_size=&#8221;4&#8243; overlay_alpha=&#8221;50&#8243; shift_x=&#8221;0&#8243; shift_y=&#8221;0&#8243; shift_y_down=&#8221;0&#8243; z_index=&#8221;0&#8243; medium_width=&#8221;0&#8243; mobile_width=&#8221;0&#8243; width=&#8221;1\/1&#8243; uncode_shortcode_id=&#8221;966966&#8243;][vc_row_inner row_inner_height_percent=&#8221;0&#8243; overlay_alpha=&#8221;50&#8243; gutter_size=&#8221;3&#8243; shift_y=&#8221;0&#8243; z_index=&#8221;0&#8243; inverted_device_order=&#8221;yes&#8221; uncode_shortcode_id=&#8221;285143&#8243;][vc_column_inner column_width_use_pixel=&#8221;yes&#8221; position_vertical=&#8221;middle&#8221; gutter_size=&#8221;3&#8243; overlay_alpha=&#8221;50&#8243; shift_x=&#8221;0&#8243; shift_y=&#8221;0&#8243; shift_y_down=&#8221;0&#8243; z_index=&#8221;0&#8243; medium_width=&#8221;0&#8243; mobile_width=&#8221;0&#8243; width=&#8221;1\/1&#8243; uncode_shortcode_id=&#8221;161369&#8243; column_width_pixel=&#8221;900&#8243;][vc_custom_heading text_color=&#8221;color-510221&#8243; text_size=&#8221;fontsize-119025&#8243; text_weight=&#8221;700&#8243; text_height=&#8221;fontheight-183555&#8243; css_animation=&#8221;curtain&#8221; animation_speed=&#8221;1000&#8243; interval_animation=&#8221;20&#8243; uncode_shortcode_id=&#8221;136416&#8243; text_color_type=&#8221;uncode-palette&#8221;]E-commerce Group<\/p>\n<div id=\"simple-translate\" class=\"simple-translate-system-theme\">\n<div>\n<div class=\"simple-translate-button isShow\" style=\"background-image: url('chrome-extension:\/\/ibplnjkanclpjokhdolnendpplpjiace\/icons\/512.png'); height: 22px; width: 22px; top: 52px; left: 180px;\"><\/div>\n<div class=\"simple-translate-panel \" style=\"width: 300px; height: 200px; top: 0px; left: 0px; font-size: 13px;\">\n<div class=\"simple-translate-result-wrapper\" style=\"overflow: hidden;\">\n<div class=\"simple-translate-move\" draggable=\"true\"><\/div>\n<div class=\"simple-translate-result-contents\">\n<p class=\"simple-translate-candidate\" dir=\"auto\">\n<\/div>\n<\/div>\n<\/div>\n<\/div>\n<\/div>\n<p>[\/vc_custom_heading][vc_column_text uncode_shortcode_id=&#8221;941425&#8243;]Strong support behind your online sales: Our e-commerce boxes, thick kraft packaging, and kraft cargo envelopes. These durable and reliable packaging solutions ensure that your products reach customers in perfect condition. Our products, designed with all e-commerce needs in mind, offer solutions that businesses of all sizes can use with confidence.[\/vc_column_text][\/vc_column_inner][\/vc_row_inner][uncode_index el_id=&#8221;index-472389981&#8243; isotope_mode=&#8221;fitRows&#8221; loop=&#8221;size:All|order_by:date|order:ASC|post_type:post,product|by_id:85279,130705,130942,130939,4237|taxonomy_count:10&#8243; screen_lg=&#8221;1000&#8243; screen_md=&#8221;600&#8243; screen_sm=&#8221;480&#8243; gutter_size=&#8221;3&#8243; post_items=&#8221;media|featured|onpost|poster,title&#8221; product_items=&#8221;media|featured|onpost|original|hide-sale|inherit-atc|inherit-w-atc|atc-typo-default|show-atc,title&#8221; images_size=&#8221;one-one&#8221; single_back_color=&#8221;color-xsdn&#8221; single_shape=&#8221;round&#8221; single_overlay_color=&#8221;color-wayh&#8221; single_overlay_opacity=&#8221;50&#8243; single_text_visible=&#8221;yes&#8221; single_text_anim=&#8221;no&#8221; single_padding=&#8221;2&#8243; single_title_dimension=&#8221;h5&#8243; single_shadow=&#8221;yes&#8221; shadow_weight=&#8221;std&#8221; single_border=&#8221;yes&#8221; uncode_shortcode_id=&#8221;905167&#8243;][\/vc_column][\/vc_row]<\/p>\n<\/div>","protected":false},"excerpt":{"rendered":"<p>[vc_row unlock_row_content=&#8221;yes&#8221; row_height_percent=&#8221;0&#8243; override_padding=&#8221;yes&#8221; h_padding=&#8221;3&#8243; top_padding=&#8221;2&#8243; bottom_padding=&#8221;3&#8243; back_color=&#8221;color-xsdn&#8221; overlay_alpha=&#8221;50&#8243; gutter_size=&#8221;2&#8243; column_width_percent=&#8221;100&#8243; shift_y=&#8221;0&#8243; z_index=&#8221;0&#8243; uncode_shortcode_id=&#8221;874215&#8243; back_color_type=&#8221;uncode-palette&#8221;][vc_column column_width_percent=&#8221;100&#8243; align_horizontal=&#8221;align_center&#8221; gutter_size=&#8221;4&#8243; overlay_alpha=&#8221;50&#8243; shift_x=&#8221;0&#8243; [&hellip;]<\/p>\n","protected":false},"author":1,"featured_media":131759,"parent":0,"menu_order":3,"comment_status":"closed","ping_status":"closed","template":"","meta":{"_acf_changed":false,"_seopress_robots_primary_cat":"","_seopress_titles_title":"E-ticaret Grubu Ka\u011f\u0131tlar\u0131 - Kal\u0131n Kraft Ambalajlar","_seopress_titles_desc":"Online sat\u0131\u015flar\u0131n\u0131z\u0131n arkas\u0131ndaki g\u00fc\u00e7l\u00fc destek: E-ticaret kolilerimiz, kal\u0131n kraft ambalajlar\u0131m\u0131z ve kraft kargo zarflar\u0131m\u0131z.","_seopress_robots_index":"","footnotes":""},"class_list":["post-130787","page","type-page","status-publish","has-post-thumbnail","hentry"],"acf":[],"_links":{"self":[{"href":"https:\/\/mentesoglu.com\/en\/wp-json\/wp\/v2\/pages\/130787","targetHints":{"allow":["GET"]}}],"collection":[{"href":"https:\/\/mentesoglu.com\/en\/wp-json\/wp\/v2\/pages"}],"about":[{"href":"https:\/\/mentesoglu.com\/en\/wp-json\/wp\/v2\/types\/page"}],"author":[{"embeddable":true,"href":"https:\/\/mentesoglu.com\/en\/wp-json\/wp\/v2\/users\/1"}],"replies":[{"embeddable":true,"href":"https:\/\/mentesoglu.com\/en\/wp-json\/wp\/v2\/comments?post=130787"}],"version-history":[{"count":17,"href":"https:\/\/mentesoglu.com\/en\/wp-json\/wp\/v2\/pages\/130787\/revisions"}],"predecessor-version":[{"id":131861,"href":"https:\/\/mentesoglu.com\/en\/wp-json\/wp\/v2\/pages\/130787\/revisions\/131861"}],"wp:featuredmedia":[{"embeddable":true,"href":"https:\/\/mentesoglu.com\/en\/wp-json\/wp\/v2\/media\/131759"}],"wp:attachment":[{"href":"https:\/\/mentesoglu.com\/en\/wp-json\/wp\/v2\/media?parent=130787"}],"curies":[{"name":"wp","href":"https:\/\/api.w.org\/{rel}","templated":true}]}}