{"id":130774,"date":"2024-02-29T14:40:47","date_gmt":"2024-02-29T14:40:47","guid":{"rendered":"https:\/\/mentesoglu.com\/?page_id=130774"},"modified":"2024-08-29T10:54:40","modified_gmt":"2024-08-29T10:54:40","slug":"tekstil-perakende","status":"publish","type":"page","link":"https:\/\/mentesoglu.com\/en\/tekstil-perakende\/","title":{"rendered":"Textile &#8211; Retail Group"},"content":{"rendered":"<div class=\"wpb-content-wrapper\"><p>[vc_row unlock_row_content=&#8221;yes&#8221; row_height_percent=&#8221;0&#8243; override_padding=&#8221;yes&#8221; h_padding=&#8221;3&#8243; top_padding=&#8221;2&#8243; bottom_padding=&#8221;3&#8243; back_color=&#8221;color-xsdn&#8221; overlay_alpha=&#8221;50&#8243; gutter_size=&#8221;2&#8243; column_width_percent=&#8221;100&#8243; shift_y=&#8221;0&#8243; z_index=&#8221;0&#8243; uncode_shortcode_id=&#8221;103281&#8243; back_color_type=&#8221;uncode-palette&#8221;][vc_column column_width_percent=&#8221;100&#8243; align_horizontal=&#8221;align_center&#8221; gutter_size=&#8221;4&#8243; overlay_alpha=&#8221;50&#8243; shift_x=&#8221;0&#8243; shift_y=&#8221;0&#8243; shift_y_down=&#8221;0&#8243; z_index=&#8221;0&#8243; medium_width=&#8221;0&#8243; mobile_width=&#8221;0&#8243; width=&#8221;1\/1&#8243; uncode_shortcode_id=&#8221;595622&#8243;][vc_row_inner row_inner_height_percent=&#8221;0&#8243; overlay_alpha=&#8221;50&#8243; gutter_size=&#8221;3&#8243; shift_y=&#8221;0&#8243; z_index=&#8221;0&#8243; inverted_device_order=&#8221;yes&#8221; uncode_shortcode_id=&#8221;285143&#8243;][vc_column_inner column_width_use_pixel=&#8221;yes&#8221; position_vertical=&#8221;middle&#8221; gutter_size=&#8221;3&#8243; overlay_alpha=&#8221;50&#8243; shift_x=&#8221;0&#8243; shift_y=&#8221;0&#8243; shift_y_down=&#8221;0&#8243; z_index=&#8221;0&#8243; medium_width=&#8221;0&#8243; mobile_width=&#8221;0&#8243; width=&#8221;1\/1&#8243; uncode_shortcode_id=&#8221;161369&#8243; column_width_pixel=&#8221;900&#8243;][vc_custom_heading text_color=&#8221;color-510221&#8243; text_size=&#8221;fontsize-119025&#8243; text_weight=&#8221;700&#8243; text_height=&#8221;fontheight-183555&#8243; css_animation=&#8221;curtain&#8221; animation_speed=&#8221;1000&#8243; interval_animation=&#8221;20&#8243; uncode_shortcode_id=&#8221;861614&#8243; text_color_type=&#8221;uncode-palette&#8221;]Textile &#8211; Retail Group[\/vc_custom_heading][vc_column_text uncode_shortcode_id=&#8221;101404&#8243;]Our packaging solutions, designed with the needs of the modern retail and textile industries in mind, allow you to elegantly package and present your products. Combining durability and aesthetic appeal, our products are made from eco-friendly materials and provide ideal presentation and protection across a wide range of items including food, clothing, and gifts. Elevate your brand value by offering your customers a sustainable and visually appealing packaging experience.[\/vc_column_text][\/vc_column_inner][\/vc_row_inner][uncode_index el_id=&#8221;index-472389981&#8243; isotope_mode=&#8221;fitRows&#8221; loop=&#8221;size:All|order_by:date|order:ASC|post_type:post|categories:236|taxonomy_count:10&#8243; screen_lg=&#8221;1000&#8243; screen_md=&#8221;600&#8243; screen_sm=&#8221;480&#8243; gutter_size=&#8221;3&#8243; post_items=&#8221;media|featured|onpost|poster,title&#8221; images_size=&#8221;one-one&#8221; single_back_color=&#8221;color-xsdn&#8221; single_shape=&#8221;round&#8221; single_overlay_color=&#8221;color-wayh&#8221; single_overlay_opacity=&#8221;50&#8243; single_text_visible=&#8221;yes&#8221; single_text_anim=&#8221;no&#8221; single_padding=&#8221;2&#8243; single_title_dimension=&#8221;h5&#8243; single_shadow=&#8221;yes&#8221; shadow_weight=&#8221;std&#8221; single_border=&#8221;yes&#8221; uncode_shortcode_id=&#8221;471294&#8243;][\/vc_column][\/vc_row]<\/p>\n<\/div>","protected":false},"excerpt":{"rendered":"<p>[vc_row unlock_row_content=&#8221;yes&#8221; row_height_percent=&#8221;0&#8243; override_padding=&#8221;yes&#8221; h_padding=&#8221;3&#8243; top_padding=&#8221;2&#8243; bottom_padding=&#8221;3&#8243; back_color=&#8221;color-xsdn&#8221; overlay_alpha=&#8221;50&#8243; gutter_size=&#8221;2&#8243; column_width_percent=&#8221;100&#8243; shift_y=&#8221;0&#8243; z_index=&#8221;0&#8243; uncode_shortcode_id=&#8221;103281&#8243; back_color_type=&#8221;uncode-palette&#8221;][vc_column column_width_percent=&#8221;100&#8243; align_horizontal=&#8221;align_center&#8221; gutter_size=&#8221;4&#8243; overlay_alpha=&#8221;50&#8243; shift_x=&#8221;0&#8243; [&hellip;]<\/p>\n","protected":false},"author":1,"featured_media":131035,"parent":0,"menu_order":1,"comment_status":"closed","ping_status":"closed","template":"","meta":{"_acf_changed":false,"_seopress_robots_primary_cat":"","_seopress_titles_title":"Tekstil & Perakende Grubu Ka\u011f\u0131tlar\u0131","_seopress_titles_desc":"Tekstil & Perakende grubu ka\u011f\u0131tlar\u0131; dayan\u0131kl\u0131l\u0131k ve estetik g\u00f6r\u00fcn\u00fcm\u00fc birle\u015ftirilerek \u00e7evre dostu malzemelerden \u00fcretilmi\u015ftir.","_seopress_robots_index":"","footnotes":""},"class_list":["post-130774","page","type-page","status-publish","has-post-thumbnail","hentry"],"acf":[],"_links":{"self":[{"href":"https:\/\/mentesoglu.com\/en\/wp-json\/wp\/v2\/pages\/130774","targetHints":{"allow":["GET"]}}],"collection":[{"href":"https:\/\/mentesoglu.com\/en\/wp-json\/wp\/v2\/pages"}],"about":[{"href":"https:\/\/mentesoglu.com\/en\/wp-json\/wp\/v2\/types\/page"}],"author":[{"embeddable":true,"href":"https:\/\/mentesoglu.com\/en\/wp-json\/wp\/v2\/users\/1"}],"replies":[{"embeddable":true,"href":"https:\/\/mentesoglu.com\/en\/wp-json\/wp\/v2\/comments?post=130774"}],"version-history":[{"count":24,"href":"https:\/\/mentesoglu.com\/en\/wp-json\/wp\/v2\/pages\/130774\/revisions"}],"predecessor-version":[{"id":131859,"href":"https:\/\/mentesoglu.com\/en\/wp-json\/wp\/v2\/pages\/130774\/revisions\/131859"}],"wp:featuredmedia":[{"embeddable":true,"href":"https:\/\/mentesoglu.com\/en\/wp-json\/wp\/v2\/media\/131035"}],"wp:attachment":[{"href":"https:\/\/mentesoglu.com\/en\/wp-json\/wp\/v2\/media?parent=130774"}],"curies":[{"name":"wp","href":"https:\/\/api.w.org\/{rel}","templated":true}]}}